{"id":118,"date":"2026-04-16T21:21:29","date_gmt":"2026-04-16T21:21:29","guid":{"rendered":"https:\/\/colombia.alerta.mapbiomas.org\/?page_id=118"},"modified":"2026-04-16T21:21:29","modified_gmt":"2026-04-16T21:21:29","slug":"terminos-de-uso","status":"publish","type":"page","link":"https:\/\/colombia.alerta.mapbiomas.org\/en\/terminos-de-uso\/","title":{"rendered":"Terms of use"},"content":{"rendered":"<p>MapBiomas data is public, open, and free to use under a Creative Commons license <a href=\"https:\/\/creativecommons.org\/licenses\/by\/4.0\/\">CC-BY<\/a> with proper source attribution using the following format:<\/p>\n\n\n\n<p>MapBiomas Alerta \u2013 High-Resolution Deforestation Alert Validation and Refinement System. Accessed on [date] via [LINK]\u201c<\/p>\n\n\n\n<p>Additionally, <a href=\"https:\/\/brasil.mapbiomas.org\/artigos-mapbiomas\/\"><strong>MapBiomas Scientific Articles<\/strong><\/a> are available for citation.<\/p>","protected":false},"excerpt":{"rendered":"<p>Los datos de MapBiomas son p\u00fablicos, abiertos y gratuitos bajo licencia Creative Commons CC-BY y mediante referencia de la fuente seg\u00fan el siguiente formato: \u201cMapBiomas Alerta Colombia \u2013 Sistema de Validaci\u00f3n y Refinamiento de Alertas de Deforestaci\u00f3n con Im\u00e1genes de Alta Resoluci\u00f3n: consultado el [fecha] a trav\u00e9s del enlace: [LINK]\u201d Adicionalmente, existen art\u00edculos cient\u00edficos de [&hellip;]<\/p>","protected":false},"author":3,"featured_media":0,"parent":0,"menu_order":0,"comment_status":"closed","ping_status":"closed","template":"","meta":{"_uag_custom_page_level_css":""},"acf":[],"uagb_featured_image_src":{"full":false,"thumbnail":false,"medium":false,"medium_large":false,"large":false,"1536x1536":false,"2048x2048":false,"trp-custom-language-flag":false,"infographic":false,"team":false},"uagb_author_info":{"display_name":"Rafael Coelho","author_link":"https:\/\/colombia.alerta.mapbiomas.org\/en\/author\/rafael-coelho\/"},"uagb_comment_info":0,"uagb_excerpt":"Los datos de MapBiomas son p\u00fablicos, abiertos y gratuitos bajo licencia Creative Commons CC-BY y mediante referencia de la fuente seg\u00fan el siguiente formato: \u201cMapBiomas Alerta Colombia \u2013 Sistema de Validaci\u00f3n y Refinamiento de Alertas de Deforestaci\u00f3n con Im\u00e1genes de Alta Resoluci\u00f3n: consultado el [fecha] a trav\u00e9s del enlace: [LINK]\u201d Adicionalmente, existen art\u00edculos cient\u00edficos de&hellip;","_links":{"self":[{"href":"https:\/\/colombia.alerta.mapbiomas.org\/en\/wp-json\/wp\/v2\/pages\/118"}],"collection":[{"href":"https:\/\/colombia.alerta.mapbiomas.org\/en\/wp-json\/wp\/v2\/pages"}],"about":[{"href":"https:\/\/colombia.alerta.mapbiomas.org\/en\/wp-json\/wp\/v2\/types\/page"}],"author":[{"embeddable":true,"href":"https:\/\/colombia.alerta.mapbiomas.org\/en\/wp-json\/wp\/v2\/users\/3"}],"replies":[{"embeddable":true,"href":"https:\/\/colombia.alerta.mapbiomas.org\/en\/wp-json\/wp\/v2\/comments?post=118"}],"version-history":[{"count":1,"href":"https:\/\/colombia.alerta.mapbiomas.org\/en\/wp-json\/wp\/v2\/pages\/118\/revisions"}],"predecessor-version":[{"id":119,"href":"https:\/\/colombia.alerta.mapbiomas.org\/en\/wp-json\/wp\/v2\/pages\/118\/revisions\/119"}],"wp:attachment":[{"href":"https:\/\/colombia.alerta.mapbiomas.org\/en\/wp-json\/wp\/v2\/media?parent=118"}],"curies":[{"name":"wp","href":"https:\/\/api.w.org\/{rel}","templated":true}]}}