{"id":121,"date":"2026-04-16T21:24:58","date_gmt":"2026-04-16T21:24:58","guid":{"rendered":"https:\/\/colombia.alerta.mapbiomas.org\/?page_id=121"},"modified":"2026-04-22T23:45:05","modified_gmt":"2026-04-22T23:45:05","slug":"quienes-somos","status":"publish","type":"page","link":"https:\/\/colombia.alerta.mapbiomas.org\/en\/quienes-somos\/","title":{"rendered":"Who we are"},"content":{"rendered":"<p>MapBiomas Colombia is a collaborative network of co-creators made up of civil society organizations, universities, research centers, and technology companies that work in coordination to generate high-quality environmental information about the Colombian territory. To learn more about the network\u2019s partners, visit: <a href=\"https:\/\/colombia.mapbiomas.org\">https:\/\/colombia.mapbiomas.org<\/a><\/p>\n\n\n\n<p>The network in Colombia is structured through strategic alliances that integrate technical, scientific, and technological capacities. The forms of organization within the network and their main representatives are:<\/p>\n\n\n\n<p><strong>CO-CREATORS:<\/strong><\/p>\n\n\n\n<ul>\n<li>Fundaci\u00f3n Gaia Amazonas<\/li>\n\n\n\n<li>RAISG<\/li>\n\n\n\n<li>Universidad Nacional de Colombia<\/li>\n\n\n\n<li>Pontificia Universidad Javeriana<\/li>\n\n\n\n<li>Universidad del Rosario<\/li>\n\n\n\n<li>Centro Internacional de Agricultura Tropical (CIAT)<\/li>\n<\/ul>\n\n\n\n<p><strong>TECHNICAL COLLABORATION<\/strong><\/p>\n\n\n\n<p>MapBiomas Colombia is supported by various institutions that strengthen its methodological, scientific, analytical, and dissemination processes, including:<\/p>\n\n\n\n<ul>\n<li>UFG \u2013 Image Processing Laboratory and Geo (LAPIG)<\/li>\n\n\n\n<li>Universidad de Caldas<\/li>\n\n\n\n<li>Universidad Distrital Francisco Jos\u00e9 de Caldas<\/li>\n\n\n\n<li>Universidad de Nari\u00f1o<\/li>\n\n\n\n<li>Universidad Antonio Nari\u00f1o<\/li>\n\n\n\n<li>Universidad El Bosque<\/li>\n\n\n\n<li>Universidad Santo Tomas&nbsp;<\/li>\n\n\n\n<li>Universidad del Cauca<\/li>\n<\/ul>\n\n\n\n<p><strong>TECHNOLOGICAL COLLABORATION<\/strong><\/p>\n\n\n\n<p>Data development and processing are supported by key technological partners that enable the scaling and automation of analyses:<\/p>\n\n\n\n<ul>\n<li>Google<\/li>\n\n\n\n<li>Ecode<\/li>\n\n\n\n<li>Geodatin<\/li>\n\n\n\n<li>EcoStage<\/li>\n<\/ul>\n\n\n\n<p><strong>INSTITUTIONAL SUPPORT<\/strong><\/p>\n\n\n\n<p>MapBiomas Colombia is backed by organizations that support its institutional sustainability:<\/p>\n\n\n\n<ul>\n<li>Fundaci\u00f3n Avina<\/li>\n<\/ul>\n\n\n\n<p><strong>FUNDING<\/strong><\/p>\n\n\n\n<p>The funding of MapBiomas Colombia comes from international organizations committed to environmental conservation and climate action, including:<\/p>\n\n\n\n<ul>\n<li>Audacious Project<\/li>\n\n\n\n<li>Quadrature Climate Foundation<\/li>\n\n\n\n<li>Gordon and Betty Moore Foundation<\/li>\n<\/ul>\n\n\n\n<p>The MapBiomas Alerta Colombia initiative is implemented through coordinated work with the Gaia Amazonas Foundation (FGA). To learn more about the team and the organizations that make MapBiomas Alerta Colombia possible, visit <a href=\"https:\/\/colombia.alerta.mapbiomas.org\/en\/equipo\/\">https:\/\/colombia.alerta.mapbiomas.org\/equipo\/<\/a>.<\/p>","protected":false},"excerpt":{"rendered":"<p>MapBiomas Colombia es una red colaborativa de co-creadores conformada por organizaciones de la sociedad civil, universidades, centros de investigaci\u00f3n y empresas tecnol\u00f3gicas, que trabajan de manera articulada para generar informaci\u00f3n ambiental de alta calidad sobre el territorio colombiano. Para conocer a los aliados de la red, ingresa a: https:\/\/colombia.mapbiomas.org La red en Colombia se estructura [&hellip;]<\/p>","protected":false},"author":3,"featured_media":0,"parent":0,"menu_order":0,"comment_status":"closed","ping_status":"closed","template":"","meta":{"_uag_custom_page_level_css":""},"acf":[],"uagb_featured_image_src":{"full":false,"thumbnail":false,"medium":false,"medium_large":false,"large":false,"1536x1536":false,"2048x2048":false,"trp-custom-language-flag":false,"infographic":false,"team":false},"uagb_author_info":{"display_name":"Rafael Coelho","author_link":"https:\/\/colombia.alerta.mapbiomas.org\/en\/author\/rafael-coelho\/"},"uagb_comment_info":0,"uagb_excerpt":"MapBiomas Colombia es una red colaborativa de co-creadores conformada por organizaciones de la sociedad civil, universidades, centros de investigaci\u00f3n y empresas tecnol\u00f3gicas, que trabajan de manera articulada para generar informaci\u00f3n ambiental de alta calidad sobre el territorio colombiano. Para conocer a los aliados de la red, ingresa a: https:\/\/colombia.mapbiomas.org La red en Colombia se estructura&hellip;","_links":{"self":[{"href":"https:\/\/colombia.alerta.mapbiomas.org\/en\/wp-json\/wp\/v2\/pages\/121"}],"collection":[{"href":"https:\/\/colombia.alerta.mapbiomas.org\/en\/wp-json\/wp\/v2\/pages"}],"about":[{"href":"https:\/\/colombia.alerta.mapbiomas.org\/en\/wp-json\/wp\/v2\/types\/page"}],"author":[{"embeddable":true,"href":"https:\/\/colombia.alerta.mapbiomas.org\/en\/wp-json\/wp\/v2\/users\/3"}],"replies":[{"embeddable":true,"href":"https:\/\/colombia.alerta.mapbiomas.org\/en\/wp-json\/wp\/v2\/comments?post=121"}],"version-history":[{"count":5,"href":"https:\/\/colombia.alerta.mapbiomas.org\/en\/wp-json\/wp\/v2\/pages\/121\/revisions"}],"predecessor-version":[{"id":139,"href":"https:\/\/colombia.alerta.mapbiomas.org\/en\/wp-json\/wp\/v2\/pages\/121\/revisions\/139"}],"wp:attachment":[{"href":"https:\/\/colombia.alerta.mapbiomas.org\/en\/wp-json\/wp\/v2\/media?parent=121"}],"curies":[{"name":"wp","href":"https:\/\/api.w.org\/{rel}","templated":true}]}}