{"id":127,"date":"2026-04-16T21:33:15","date_gmt":"2026-04-16T21:33:15","guid":{"rendered":"https:\/\/colombia.alerta.mapbiomas.org\/?page_id=127"},"modified":"2026-04-16T21:33:15","modified_gmt":"2026-04-16T21:33:15","slug":"diccionario-de-datos","status":"publish","type":"page","link":"https:\/\/colombia.alerta.mapbiomas.org\/en\/diccionario-de-datos\/","title":{"rendered":"Data dictionary"},"content":{"rendered":"<p><strong>Data: <\/strong>Alerts of natural vegetation loss from different detection sources, verified, validated, and spatially cross-referenced with territorial and governmental data.<\/p>\n\n\n\n<p><strong>Source: <\/strong>Spatial file in <em>.shp <\/em>format available in the \u201cDownloads\u201d tab of the MapBiomas Alerta platform, under the option <em>\"All alerts and their overlaps\"<\/em>.<\/p>\n\n\n\n<figure class=\"wp-block-table\"><table><tbody><tr><td><strong>Column<\/strong><\/td><td><strong>Description<\/strong><\/td><\/tr><tr><td>ALERT_ID<\/td><td>Unique alert identifier<\/td><\/tr><tr><td>ALERT_COD<\/td><td>Alert code on the MapBiomas Alerta platform<\/td><\/tr><tr><td>ALERT_HA<\/td><td>Total area of \u200b\u200bthe alert reported on the platform (in hectares).<\/td><\/tr><tr><td>SOURCE<\/td><td>Original alert detection system or source from which the alert was validated and refined. (National or international)&nbsp;<\/td><\/tr><tr><td>DET_DATE<\/td><td>Date on which the change in vegetation cover was detected by the source or automatic monitoring systems.<\/td><\/tr><tr><td>IMG_PRE<\/td><td>Date of the first available image in which it is possible to observe the vegetation cover before the deforestation or conversion event.<\/td><\/tr><tr><td>IMG_POST<\/td><td>Date of the first available image in which it is possible to show the deforested or converted area after the vegetation cover loss event.&nbsp;<\/td><\/tr><tr><td>ALERT_CLASS<\/td><td>Pressure vector or associated factor that caused the loss of vegetation cover.<\/td><\/tr><tr><td>REG_NAME<\/td><td>Name of the natural region of Colombia where the alert is located.<\/td><\/tr><tr><td>REG_HA<\/td><td>Area of \u200b\u200bthe alert that intersects with the corresponding natural region (in hectares).<\/td><\/tr><tr><td>ADMI_NAME<\/td><td>Name of the territorial entity where the alert is located (municipality or indigenous territorial entity).<\/td><\/tr><tr><td>ADMI_HA<\/td><td>Area of \u200b\u200bthe alert that intersects with the corresponding territorial entity (in hectares).<\/td><\/tr><tr><td>DEP_NAME<\/td><td>Name of the department where the alert is located.<\/td><\/tr><tr><td>DEP_HA<\/td><td>Area of \u200b\u200bthe alert that intersects with the corresponding department (in hectares).<\/td><\/tr><tr><td>REG_AMA_HA<\/td><td>Area of \u200b\u200bthe alert that intersects with the Colombian Amazon region (in hectares).<\/td><\/tr><tr><td>REG_AND_HA<\/td><td>Area of \u200b\u200bthe alert that intersects with the Colombian Andean region (in hectares).<\/td><\/tr><tr><td>REG_VAL_HA<\/td><td>Area of \u200b\u200bthe alert that intersects with the Colombian Inter-Andean Valleys region (in hectares).<\/td><\/tr><tr><td>REG_CAR_HA<\/td><td>Area of \u200b\u200bthe alert that intersects with the Colombian Caribbean region (in hectares).<\/td><\/tr><tr><td>REG_ORI_HA<\/td><td>Area of \u200b\u200bthe alert that intersects with the Orinoqu\u00eda region (in hectares).<\/td><\/tr><tr><td>REG_PAC_HA<\/td><td>Area of \u200b\u200bthe alert that intersects with the Colombian Pacific region (in hectares).<\/td><\/tr><tr><td>BIO_NAME<\/td><td>Name of the biome.<\/td><\/tr><tr><td>BIO_HA<\/td><td>Area of \u200b\u200bthe alert that intersects with the corresponding biome (in hectares).<\/td><\/tr><tr><td>FR_NAME<\/td><td>Name of the Forest Reserve Zone where the alert is located.<\/td><\/tr><tr><td>FR_HA<\/td><td>Area of \u200b\u200bthe alert that intersects with a Forest Reserve Zone (in hectares).<\/td><\/tr><tr><td>CR_NAME<\/td><td>Name of the Peasant Reserve Zone where the alert is located.<\/td><\/tr><tr><td>CR_HA<\/td><td>Area of \u200b\u200bthe alert that intersects with a Peasant Reserve Zone (in hectares).<\/td><\/tr><tr><td>IR_NAME<\/td><td>Name of the indigenous reserve or territory where the alert is located.<\/td><\/tr><tr><td>IR_HA<\/td><td>Area of \u200b\u200bthe alert that intersects with the limits of the indigenous reserve (in hectares).<\/td><\/tr><tr><td>AFRO_NAME<\/td><td>Name of the Community Council of black, Afro-Colombian, Raizal or Palenquera communities.<\/td><\/tr><tr><td>AFRO_HA<\/td><td>Area of \u200b\u200bthe alert that intersects with the territory of the Community Council (in hectares).<\/td><\/tr><tr><td>CAR_NAME<\/td><td>Name of the Corporaci\u00f3n Autonoma Regional (CAR) with jurisdiction over the alert area.<\/td><\/tr><tr><td>CAR_HA<\/td><td>Area of \u200b\u200bthe alert that intersects with the jurisdiction of the corresponding CAR (in hectares).<\/td><\/tr><tr><td>PARAM_NAME<\/td><td>Name of the moorland where the alert is located<\/td><\/tr><tr><td>PARAM_HA<\/td><td>Area of \u200b\u200bthe alert that intersects with officially delimited moorland ecosystems (in hectares).<\/td><\/tr><tr><td>DRYF_HA<\/td><td>Area of \u200b\u200bthe alert that intersects with areas of Tropical Dry Forest (in hectares).<\/td><\/tr><tr><td>MANG_HA<\/td><td>Area of \u200b\u200bthe alert that intersects with mangrove ecosystems (in hectares).<\/td><\/tr><tr><td>PNN_NAME<\/td><td>Name of the national protected natural area.<\/td><\/tr><tr><td>PNN_HA<\/td><td>Area of \u200b\u200bthe alert that intersects with a national protected natural area (in hectares).<\/td><\/tr><tr><td>APR_NAME<\/td><td>Name of the departmental protected natural area.<\/td><\/tr><tr><td>APR_HA<\/td><td>Area of \u200b\u200bthe alert that intersects with a departmental protected natural area (in hectares).<\/td><\/tr><tr><td>AGRF_HA<\/td><td>Area of \u200b\u200bthe alert that intersects with the defined Agricultural Frontier (in hectares).<\/td><\/tr><tr><td>FBDN_NAME<\/td><td>Name of the Forestry and Biodiversity Development Center.<\/td><\/tr><tr><td>FBDN_HA<\/td><td>Area of \u200b\u200bthe alert that intersects with a Forestry and Biodiversity Development Hub (in hectares).<\/td><\/tr><tr><td>CAD_CODE<\/td><td>Cadastral code of the rural property according to official information.<\/td><\/tr><tr><td>LIC_PROJ<\/td><td>Name of the project with an environmental license where the alert is located.<\/td><\/tr><tr><td>LIC_HA<\/td><td>Area of \u200b\u200bthe alert that intersects with the polygon of the project with environmental license (in hectares).<\/td><\/tr><tr><td>EVAL_PROJ<\/td><td>Name of the project undergoing environmental license evaluation where the alert is located.<\/td><\/tr><tr><td>EVAL_HA<\/td><td>Area of \u200b\u200bthe alert that intersects with the polygon of the project under environmental license evaluation (in hectares).<\/td><\/tr><tr><td>HB1_NAME<\/td><td>Name of the hydrographic area (level 1) in which the alert is located.<\/td><\/tr><tr><td>HB1_HA<\/td><td>Area of \u200b\u200bthe alert that intersects with the watershed level 1 (in hectares).<\/td><\/tr><tr><td>HB2_NAME<\/td><td>Name of the hydrographic zone (level 2).<\/td><\/tr><tr><td>HB2_HA<\/td><td>Area of \u200b\u200bthe alert that intersects with the level 2 watershed (in hectares).<\/td><\/tr><tr><td>HB3_NAME<\/td><td>Name of the hydrographic subzone (level 3).<\/td><\/tr><tr><td>HB3_HA<\/td><td>Area of \u200b\u200bthe alert that intersects with the level 3 watershed (in hectares).<\/td><\/tr><tr><td>RAMS_NAME<\/td><td>Name of the Ramsar site where the alert is located.<\/td><\/tr><tr><td>RAMS_HA<\/td><td>Area of \u200b\u200bthe alert that intersects with a Ramsar site (in hectares).<\/td><\/tr><tr><td>PEACE_HA<\/td><td>Area of \u200b\u200bthe alert that intersects with areas declared as Peace Forests (in hectares).<\/td><\/tr><tr><td>HABITAT_BANK_NAME<\/td><td>Name of the Habitat Bank.<\/td><\/tr><tr><td>HBK_HA<\/td><td>Area of \u200b\u200bthe alert that intersects with a Habitat Bank (in hectares)<\/td><\/tr><tr><td>geometry<\/td><td>Polygon geometry<\/td><\/tr><\/tbody><\/table><\/figure>","protected":false},"excerpt":{"rendered":"<p>Datos: Alertas de p\u00e9rdida de vegetaci\u00f3n natural, procedentes de diferentes fuentes de detecci\u00f3n, verificadas, validadas y cruzadas espacialmente con datos territoriales y gubernamentales. Fuente: Archivo espacial en formato .shp disponible en la pesta\u00f1a Downloads de la plataforma MapBiomas Alerta, en la opci\u00f3n \u201cTodas las alertas y sus cruces\u201d. Columna Descripci\u00f3n ALERT_ID Identificador \u00fanico de la [&hellip;]<\/p>","protected":false},"author":3,"featured_media":0,"parent":0,"menu_order":0,"comment_status":"closed","ping_status":"closed","template":"","meta":{"_uag_custom_page_level_css":""},"acf":[],"uagb_featured_image_src":{"full":false,"thumbnail":false,"medium":false,"medium_large":false,"large":false,"1536x1536":false,"2048x2048":false,"trp-custom-language-flag":false,"infographic":false,"team":false},"uagb_author_info":{"display_name":"Rafael Coelho","author_link":"https:\/\/colombia.alerta.mapbiomas.org\/en\/author\/rafael-coelho\/"},"uagb_comment_info":0,"uagb_excerpt":"Datos: Alertas de p\u00e9rdida de vegetaci\u00f3n natural, procedentes de diferentes fuentes de detecci\u00f3n, verificadas, validadas y cruzadas espacialmente con datos territoriales y gubernamentales. Fuente: Archivo espacial en formato .shp disponible en la pesta\u00f1a Downloads de la plataforma MapBiomas Alerta, en la opci\u00f3n \u201cTodas las alertas y sus cruces\u201d. Columna Descripci\u00f3n ALERT_ID Identificador \u00fanico de la&hellip;","_links":{"self":[{"href":"https:\/\/colombia.alerta.mapbiomas.org\/en\/wp-json\/wp\/v2\/pages\/127"}],"collection":[{"href":"https:\/\/colombia.alerta.mapbiomas.org\/en\/wp-json\/wp\/v2\/pages"}],"about":[{"href":"https:\/\/colombia.alerta.mapbiomas.org\/en\/wp-json\/wp\/v2\/types\/page"}],"author":[{"embeddable":true,"href":"https:\/\/colombia.alerta.mapbiomas.org\/en\/wp-json\/wp\/v2\/users\/3"}],"replies":[{"embeddable":true,"href":"https:\/\/colombia.alerta.mapbiomas.org\/en\/wp-json\/wp\/v2\/comments?post=127"}],"version-history":[{"count":1,"href":"https:\/\/colombia.alerta.mapbiomas.org\/en\/wp-json\/wp\/v2\/pages\/127\/revisions"}],"predecessor-version":[{"id":128,"href":"https:\/\/colombia.alerta.mapbiomas.org\/en\/wp-json\/wp\/v2\/pages\/127\/revisions\/128"}],"wp:attachment":[{"href":"https:\/\/colombia.alerta.mapbiomas.org\/en\/wp-json\/wp\/v2\/media?parent=127"}],"curies":[{"name":"wp","href":"https:\/\/api.w.org\/{rel}","templated":true}]}}